{"id":2,"date":"2012-01-02T16:00:10","date_gmt":"2012-01-02T15:00:10","guid":{"rendered":"http:\/\/rhwien.noblogs.org\/?page_id=2"},"modified":"2012-07-19T07:30:24","modified_gmt":"2012-07-19T05:30:24","slug":"was-ist-eine-rechtshilfe","status":"publish","type":"page","link":"https:\/\/rhwien.noblogs.org\/?page_id=2","title":{"rendered":"Was ist eine Rechtshilfe?"},"content":{"rendered":"<p>Eine Rechtshilfe betreut w\u00e4hrend Demos oder Aktionen eine <strong>Notfall-Telefonnummer.<\/strong> Du kannst dort anrufen, wenn du Stress mit der Polizei hast und festgenommen wirst. Wir versuchen dann der oder\u00a0dem Betroffenen zu helfen und im schlimmsten Fall einen Anwalt oder eine Anw\u00e4ltin zu vermitteln.<\/p>\n<p>Wenn du <strong>festgenommen<\/strong> wirst, hast du das <strong>Recht auf 2 (!) erfolgreiche Anrufe<\/strong>! Bestehe auf diesen Anruf und melde dich bei uns. Wenn du freigelassen wirst, teile uns das bitte ebenfalls mit.<\/p>\n<p>Auch wenn du nicht betroffen bist, aber siehst, dass Menschen bei Demos festgenommen werden, informiere uns bitte, wer wo festgenommen worden ist!<\/p>\n<p>Sollte es in Folge der Demonstration zu Straf- oder Verwaltungsstrafverfahren oder anderer Repression kommen, k\u00f6nnen wir dich \u00fcber deine Rechte und M\u00f6glichkeiten informieren und unterst\u00fctzen und dir bei Bedarf einen Anwalt oder eine Anw\u00e4ltin vermitteln.<\/p>\n<h3 align=\"LEFT\"><strong>Wenn ihr eine Rechtshilfe ben\u00f6tigt<\/strong>:<\/h3>\n<p align=\"LEFT\">Wir machen gerne Rechtshilfe f\u00fcr eure Demos und Aktionen, aber <strong>bitte<\/strong>:<\/p>\n<ul>\n<li>Kontaktiert uns mindestens eine Woche im Voraus.<\/li>\n<\/ul>\n<ul>\n<li>K\u00fcmmert euch selbst darum, auf der Demo unseren <a title=\"Flyer\" href=\"https:\/\/rhwien.noblogs.org\/?page_id=31\">Flyer<\/a> mit der Rechtshilfenummer zu verbreiten. M\u00f6glichst alle sollten die Rechtshilfenummer kennen.<\/li>\n<\/ul>\n<ul>\n<li>Meldet euch mindestens zwei mal bei uns: Wenn die Demo anf\u00e4ngt und wenn sie aus ist.<\/li>\n<\/ul>\n<ul>\n<li>Plant f\u00fcr den worst case (=viele Repressions-Betroffene) eine Nachbereitung ein!<br \/>\nDas hei\u00dft: Ihr organisiert den Raum, bewerbt das Treffen und ladet dazu ein. Wir kommen dann gerne und unterst\u00fctzen euch dabei.<\/li>\n<\/ul>\n","protected":false},"excerpt":{"rendered":"<p>Eine Rechtshilfe betreut w\u00e4hrend Demos oder Aktionen eine Notfall-Telefonnummer. Du kannst dort anrufen, wenn du Stress mit der Polizei hast und festgenommen wirst. Wir versuchen dann der oder\u00a0dem Betroffenen zu helfen und im schlimmsten Fall einen Anwalt oder eine Anw\u00e4ltin zu vermitteln. Wenn du festgenommen wirst, hast du das Recht auf 2 (!) erfolgreiche Anrufe! [&hellip;]<\/p>\n","protected":false},"author":4647,"featured_media":0,"parent":0,"menu_order":1,"comment_status":"closed","ping_status":"open","template":"","meta":{"footnotes":""},"class_list":["post-2","page","type-page","status-publish","hentry"],"_links":{"self":[{"href":"https:\/\/rhwien.noblogs.org\/index.php?rest_route=\/wp\/v2\/pages\/2","targetHints":{"allow":["GET"]}}],"collection":[{"href":"https:\/\/rhwien.noblogs.org\/index.php?rest_route=\/wp\/v2\/pages"}],"about":[{"href":"https:\/\/rhwien.noblogs.org\/index.php?rest_route=\/wp\/v2\/types\/page"}],"author":[{"embeddable":true,"href":"https:\/\/rhwien.noblogs.org\/index.php?rest_route=\/wp\/v2\/users\/4647"}],"replies":[{"embeddable":true,"href":"https:\/\/rhwien.noblogs.org\/index.php?rest_route=%2Fwp%2Fv2%2Fcomments&post=2"}],"version-history":[{"count":26,"href":"https:\/\/rhwien.noblogs.org\/index.php?rest_route=\/wp\/v2\/pages\/2\/revisions"}],"predecessor-version":[{"id":20,"href":"https:\/\/rhwien.noblogs.org\/index.php?rest_route=\/wp\/v2\/pages\/2\/revisions\/20"}],"wp:attachment":[{"href":"https:\/\/rhwien.noblogs.org\/index.php?rest_route=%2Fwp%2Fv2%2Fmedia&parent=2"}],"curies":[{"name":"wp","href":"https:\/\/api.w.org\/{rel}","templated":true}]}}