{"id":49,"date":"2012-01-01T22:48:37","date_gmt":"2012-01-01T21:48:37","guid":{"rendered":"http:\/\/rhwien.noblogs.org\/?page_id=49"},"modified":"2013-03-07T15:52:37","modified_gmt":"2013-03-07T14:52:37","slug":"kontakt","status":"publish","type":"page","link":"https:\/\/rhwien.noblogs.org\/?page_id=49","title":{"rendered":"Kontakt"},"content":{"rendered":"<p>Wir sind eine Rechtshilfegruppe aus Wien zur Betreuung von Demos und Aktionen.<br \/>\nRepressions-Betroffene k\u00f6nnen sich bei Post von der Polizei und sonstigen\u00a0Fragen gerne bei uns melden.<\/p>\n<p style=\"padding-left: 30px\"><strong>Email:<\/strong><br \/>\nrhwien (\u00c4T) riseup.net<br \/>\nUnser <strong><a href=\"https:\/\/rhwien.noblogs.org\/files\/2013\/03\/rhwien-0x2A1B45D1-pub.asc\" target=\"_blank\">PGP-Key<\/a><\/strong><\/p>\n<p style=\"padding-left: 30px\"><strong>Rechtshilfenummer<\/strong> (nur w\u00e4hrend Demos erreichbar):<br \/>\n0681 83 10 30 50<\/p>\n<p style=\"padding-left: 30px\"><strong>Demobetreuung:<\/strong><br \/>\nWenn ihr wollt, dass wir f\u00fcr eure Demo Rechtshilfe machen, <a title=\"Was ist eine Rechtshilfe?\" href=\"https:\/\/rhwien.noblogs.org\/?page_id=2\">beachtet bitte folgende Hinweise<\/a>.<\/p>\n<blockquote><p><strong>Hinweis zu Emails:<\/strong><br \/>\nSchickt uns bitte zu eurer eigenen Sicherheit per Email nie f\u00fcr euch oder andere belastende oder sensible Infos. Derartige Dinge sollten bei einem pers\u00f6nlichen Gespr\u00e4ch und nicht per Email besprochen werden. Ged\u00e4chtnisprotokolle sind prim\u00e4r f\u00fcr euch als Erinnerungshilfen und nicht f\u00fcr uns gedacht.<\/p><\/blockquote>\n","protected":false},"excerpt":{"rendered":"<p>Wir sind eine Rechtshilfegruppe aus Wien zur Betreuung von Demos und Aktionen. Repressions-Betroffene k\u00f6nnen sich bei Post von der Polizei und sonstigen\u00a0Fragen gerne bei uns melden. Email: rhwien (\u00c4T) riseup.net Unser PGP-Key Rechtshilfenummer (nur w\u00e4hrend Demos erreichbar): 0681 83 10 30 50 Demobetreuung: Wenn ihr wollt, dass wir f\u00fcr eure Demo Rechtshilfe machen, beachtet bitte [&hellip;]<\/p>\n","protected":false},"author":4647,"featured_media":0,"parent":0,"menu_order":5,"comment_status":"closed","ping_status":"closed","template":"","meta":{"footnotes":""},"class_list":["post-49","page","type-page","status-publish","hentry"],"_links":{"self":[{"href":"https:\/\/rhwien.noblogs.org\/index.php?rest_route=\/wp\/v2\/pages\/49","targetHints":{"allow":["GET"]}}],"collection":[{"href":"https:\/\/rhwien.noblogs.org\/index.php?rest_route=\/wp\/v2\/pages"}],"about":[{"href":"https:\/\/rhwien.noblogs.org\/index.php?rest_route=\/wp\/v2\/types\/page"}],"author":[{"embeddable":true,"href":"https:\/\/rhwien.noblogs.org\/index.php?rest_route=\/wp\/v2\/users\/4647"}],"replies":[{"embeddable":true,"href":"https:\/\/rhwien.noblogs.org\/index.php?rest_route=%2Fwp%2Fv2%2Fcomments&post=49"}],"version-history":[{"count":48,"href":"https:\/\/rhwien.noblogs.org\/index.php?rest_route=\/wp\/v2\/pages\/49\/revisions"}],"predecessor-version":[{"id":57,"href":"https:\/\/rhwien.noblogs.org\/index.php?rest_route=\/wp\/v2\/pages\/49\/revisions\/57"}],"wp:attachment":[{"href":"https:\/\/rhwien.noblogs.org\/index.php?rest_route=%2Fwp%2Fv2%2Fmedia&parent=49"}],"curies":[{"name":"wp","href":"https:\/\/api.w.org\/{rel}","templated":true}]}}