{"id":492,"date":"2012-07-10T00:42:54","date_gmt":"2012-07-09T22:42:54","guid":{"rendered":"http:\/\/rhwien.noblogs.org\/?page_id=492"},"modified":"2012-07-19T07:31:27","modified_gmt":"2012-07-19T05:31:27","slug":"nachbereitung","status":"publish","type":"page","link":"https:\/\/rhwien.noblogs.org\/?page_id=492","title":{"rendered":"Nachbereitung"},"content":{"rendered":"<h3>Du wurdest verhaftet? Deine Identit\u00e4t wurde kontrolliert?<\/h3>\n<blockquote><p><em>Da wir derzeit auf <a title=\"Sommerpause\" href=\"https:\/\/rhwien.noblogs.org\/?p=494\">Sommerpause<\/a> sind, soll dir dieser Artikel grundlegend weiterhelfen, wenn du von der Polizei verhaftet oder kontrolliert wurdest.<\/em><\/p><\/blockquote>\n<ul>\n<li>Wenn du <strong>festgenommen<\/strong> wurdest und es eine Rechtshilfe gibt,<strong> melde dich bitte <\/strong>auch unbedingt nach deiner Freilassung <strong>bei der Rechtshilfe<\/strong>!<\/li>\n<\/ul>\n<ul>\n<li><strong>Ged\u00e4chtnisprotokoll<\/strong>: Schreib f\u00fcr dich als Erinnerungshilfe m\u00f6glichst bald ein Ged\u00e4chtnisprotokoll.<br \/>\nSiehe auch: <a title=\"Ged\u00e4chtnisprotokoll\" href=\"http:\/\/at.rechtsinfokollektiv.org\/rechtsinfo\/demo-teilnahme\/nach-der-demo-demo-teilnahme\/gedachtnisprotokoll\/\" target=\"_blank\">Text des Rechtsinfokollektivs zu Ged\u00e4chtnisprotokollen<\/a><strong><\/strong><\/li>\n<\/ul>\n<ul>\n<li><strong>ZeugInnen<\/strong>: Such nach m\u00f6glichen ZeugInnen von dem Vorfall.Wir k\u00f6nnen dir mit einem \u00f6ffentlichen ZeugInnen-Aufruf dabei helfen.<\/li>\n<\/ul>\n<ul>\n<li><strong>Verletzungen<\/strong>: Dokumentier diese mit Foto und im Spital\/Arzt\/\u00c4rztin und heb dir beide Dokumente gut auf. Gib aber nicht Fremdverschulden durch die Polizei an, da sonst eine automatische Anzeige erstattet wird, die wiederum eine Gegenanzeige der Polizei und weitere Repression zur Folge haben kann. Eine Anzeige gegen die Polizei sollte gut vorbereitet und vorher besprochen werden.<br \/>\nSiehe auch: <a href=\"http:\/\/at.rechtsinfokollektiv.org\/rechtsinfo\/demo-teilnahme\/nach-der-demo-demo-teilnahme\/anzeige\/\" target=\"_blank\">Text des Rechtsinfokollektivs zur Anzeige<\/a><\/li>\n<\/ul>\n<hr \/>\n<p><big><strong>Bei strafrechtlichen Vorw\u00fcrfen:<\/strong><\/big><\/p>\n<ul>\n<ul>\n<li><strong>Vorladung<\/strong>: Du wirst in den n\u00e4chsten Wochen\/Monaten eine Vorladung f\u00fcr eine Vernehmung erhalten. Bei Vorladungen im Strafverfahren bei der Polizei, empfehlen wir, von deinem Recht auf <strong>Aussageverweigerung <\/strong>Gebrauch zu machen. Dies ist dein Recht als Beschuldigte_r und kann dir nicht negativ angelastet werden. Eine Aussage sollte, wenn \u00fcberhaupt, erst nach Akteneinsicht und Beratung mit Antirepressionsstrukturen und\/oder Anw\u00e4lt_innen in Betracht gezogen werden.<br \/>\nSiehe auch unseren Artikel zu diesem Thema: <a title=\"nowkr 2012: Ladungen wegen Strafverfahren\" href=\"https:\/\/rhwien.noblogs.org\/?p=378\">Ladung und Vernehmung bei nowkr 2012<\/a><\/li>\n<li><strong>Akteneinsicht<\/strong>: Nimm bei der zust\u00e4ndigen Staatsanwaltschaft Akteneinsicht und erkundige dich nach deinem <strong>Aktenzeichen<\/strong>. Es gibt zwei Aktenzeichen eines der Polizei und eines der Staatsanwaltschaft.<\/li>\n<li><strong>Anklage\/Strafantrag<\/strong>: Wenn du angeklagt wirst, melde dich rechtzeitig bei Antirepressions-Gruppen, wenn du Fragen hast. Wir k\u00f6nnen dir bei Bedarf eine linke Anw\u00e4ltIn vermitteln.<\/li>\n<\/ul>\n<\/ul>\n<hr \/>\n<p><big><strong>Bei Verwaltungsstrafen (Geldstrafen):<\/strong><\/big><\/p>\n<ul>\n<ul>\n<li><strong>Geldstrafe direkt nach der Festnahme<\/strong>:<br \/>\nWenn du verhaftet wurdest und direkt bei der Polizei einen Zettel, wo\u00a0<strong>Straferkenntniss<\/strong> drauf steht, bekommen hast, hast du <span style=\"text-decoration: underline;\">nur 2 Wochen Zeit<\/span> um dagegen zu berufen.<strong><\/strong><\/li>\n<li><strong>Achte<\/strong> bei Verwaltungsstrafen unbedingt <strong>auf deine Post,<\/strong> da die meisten Fristen sehr knapp sind!<br \/>\nBist du l\u00e4nger als eine Woche nicht zu Hause, empfehlen wir dir bei deiner Postfiliale eine Abwesenheitsmitteilung zu machen. Das ist gratis und verhindert, dass du Fristen vers\u00e4umst:<br \/>\n<a href=\"http:\/\/www.post.at\/186.php\" target=\"_blank\">https:\/\/www.post.at\/186.php<\/a> und <a title=\"Wie sch\u00fctze ich mich vor vers\u00e4umten Fristen?\" href=\"http:\/\/at.rechtsinfokollektiv.org\/versaumte-fristen-2-wochen-sind-2-wochen-sind-2-wochen\/\" target=\"_blank\">Wie sch\u00fctze ich mich vor vers\u00e4umten Fristen?<\/a><\/li>\n<li>Fristbeginn:<br \/>\nDie Frist beginnt <strong>am<\/strong> <strong>Tag nach<\/strong> <span style=\"text-decoration: underline;\">der \u00dcbergabe<\/span> des Briefes durch den Postmenschen <strong>oder<\/strong> dem <span style=\"text-decoration: underline;\">Einwurf des gelben Zettels<\/span> im Briefkasten zu laufen. Beachtet: Nicht relevant ist, wann du den Brief von der Post tats\u00e4chlich abholt hast!<\/li>\n<li><strong>Einspruch<\/strong>: Gegen <strong>Strafverf\u00fcgungen<\/strong> hast du 2 Wochen ab Zustellung f\u00fcr einen formlosen Einspruch Zeit: <a title=\"Video: Wie mache ich einen Einspruch?\" href=\"http:\/\/www.germany.kanalb.org\/index.php?play_id=2033&amp;modul=Clip\" target=\"_blank\">Video: Wie mache ich einen Einspruch<\/a><\/li>\n<li><strong>Berufung<\/strong>: Gegen <strong>Straferkenntnisse<\/strong> (=Bescheid) hast du 2 Wochen ab Zustellung f\u00fcr eine begr\u00fcndete Berufung Zeit<\/li>\n<\/ul>\n<\/ul>\n<p>siehe auch den ausf\u00fchrlichen Artikel vom <a href=\"http:\/\/at.rechtsinfokollektiv.org\/rechtsinfo\/demo-teilnahme\/nach-der-demo-demo-teilnahme\/verwaltungsstrafverfahren\/\" target=\"_blank\">Rechtsinfokollektiv (RIKO) zum Verwaltungsstrafverfahren<\/a><\/p>\n<hr \/>\n<ul>\n<li><strong>Polizei-Datenbanken<\/strong>: Wenn du wissen willst, was mit deinen aufgenommenen Daten passiert, kannst du ein Auskunftsbegehren nach dem Datenschutzgesetz an das Innenministerium, die Sicherheitsdirektion Wien und die Bundespolizeidirektion Wien stellen:\u00a0 <a title=\"Muster Auskunftsbegehren\" href=\"http:\/\/www.gras.at\/service\/wasweissderstaat\" target=\"_blank\">Muster-Auskunftsbegehren der GRAS<\/a><\/li>\n<\/ul>\n","protected":false},"excerpt":{"rendered":"<p>Du wurdest verhaftet? Deine Identit\u00e4t wurde kontrolliert? Da wir derzeit auf Sommerpause sind, soll dir dieser Artikel grundlegend weiterhelfen, wenn du von der Polizei verhaftet oder kontrolliert wurdest. Wenn du festgenommen wurdest und es eine Rechtshilfe gibt, melde dich bitte auch unbedingt nach deiner Freilassung bei der Rechtshilfe! Ged\u00e4chtnisprotokoll: Schreib f\u00fcr dich als Erinnerungshilfe m\u00f6glichst [&hellip;]<\/p>\n","protected":false},"author":4647,"featured_media":0,"parent":0,"menu_order":3,"comment_status":"closed","ping_status":"closed","template":"","meta":{"footnotes":""},"class_list":["post-492","page","type-page","status-publish","hentry"],"_links":{"self":[{"href":"https:\/\/rhwien.noblogs.org\/index.php?rest_route=\/wp\/v2\/pages\/492","targetHints":{"allow":["GET"]}}],"collection":[{"href":"https:\/\/rhwien.noblogs.org\/index.php?rest_route=\/wp\/v2\/pages"}],"about":[{"href":"https:\/\/rhwien.noblogs.org\/index.php?rest_route=\/wp\/v2\/types\/page"}],"author":[{"embeddable":true,"href":"https:\/\/rhwien.noblogs.org\/index.php?rest_route=\/wp\/v2\/users\/4647"}],"replies":[{"embeddable":true,"href":"https:\/\/rhwien.noblogs.org\/index.php?rest_route=%2Fwp%2Fv2%2Fcomments&post=492"}],"version-history":[{"count":57,"href":"https:\/\/rhwien.noblogs.org\/index.php?rest_route=\/wp\/v2\/pages\/492\/revisions"}],"predecessor-version":[{"id":532,"href":"https:\/\/rhwien.noblogs.org\/index.php?rest_route=\/wp\/v2\/pages\/492\/revisions\/532"}],"wp:attachment":[{"href":"https:\/\/rhwien.noblogs.org\/index.php?rest_route=%2Fwp%2Fv2%2Fmedia&parent=492"}],"curies":[{"name":"wp","href":"https:\/\/api.w.org\/{rel}","templated":true}]}}